{"id":11,"date":"2023-05-30T17:02:19","date_gmt":"2023-05-30T17:02:19","guid":{"rendered":"https:\/\/fusspflege-jaensch.com\/?page_id=11"},"modified":"2023-05-30T17:07:42","modified_gmt":"2023-05-30T17:07:42","slug":"neukunden","status":"publish","type":"page","link":"https:\/\/fusspflege-jaensch.com\/?page_id=11","title":{"rendered":"Neukunden"},"content":{"rendered":"\nSie haben bereits einen Termin in unserer Praxis vereinbart? Oder haben dies noch vor? Dar\u00fcber freuen wir uns sehr! Hier erhalten Sie alle f\u00fcr Sie relevanten Informationen:<br \/><br \/>\n\n\n\n<strong>Unser Neukunden-Paket:<\/strong><br \/>\n\n\n\nDie F\u00fc\u00dfe unserer Neukunden brauchen besondere Aufmerksamkeit und Pflege. Und daf\u00fcr nehmen wir uns gerne Zeit. Nach einer umfassender Fu\u00dfanalyse bespricht Ihre Fu\u00dftherapeutin alle weiteren Schritte und Behandlungsma\u00dfnahmen mit Ihnen und pflegt Ihre F\u00fc\u00dfe mit einer professionellen podologischen oder fu\u00dfpflegerischen Behandlung.\n","protected":false},"excerpt":{"rendered":"<p>Sie haben bereits einen Termin in unserer Praxis vereinbart? Oder haben dies noch vor? Dar\u00fcber freuen wir uns sehr! Hier erhalten Sie alle f\u00fcr Sie relevanten Informationen: Unser Neukunden-Paket: Die [&hellip;]<\/p>\n","protected":false},"author":1,"featured_media":0,"parent":0,"menu_order":0,"comment_status":"closed","ping_status":"closed","template":"","meta":{"footnotes":""},"_links":{"self":[{"href":"https:\/\/fusspflege-jaensch.com\/index.php?rest_route=\/wp\/v2\/pages\/11"}],"collection":[{"href":"https:\/\/fusspflege-jaensch.com\/index.php?rest_route=\/wp\/v2\/pages"}],"about":[{"href":"https:\/\/fusspflege-jaensch.com\/index.php?rest_route=\/wp\/v2\/types\/page"}],"author":[{"embeddable":true,"href":"https:\/\/fusspflege-jaensch.com\/index.php?rest_route=\/wp\/v2\/users\/1"}],"replies":[{"embeddable":true,"href":"https:\/\/fusspflege-jaensch.com\/index.php?rest_route=%2Fwp%2Fv2%2Fcomments&post=11"}],"version-history":[{"count":5,"href":"https:\/\/fusspflege-jaensch.com\/index.php?rest_route=\/wp\/v2\/pages\/11\/revisions"}],"predecessor-version":[{"id":18,"href":"https:\/\/fusspflege-jaensch.com\/index.php?rest_route=\/wp\/v2\/pages\/11\/revisions\/18"}],"wp:attachment":[{"href":"https:\/\/fusspflege-jaensch.com\/index.php?rest_route=%2Fwp%2Fv2%2Fmedia&parent=11"}],"curies":[{"name":"wp","href":"https:\/\/api.w.org\/{rel}","templated":true}]}}