{"id":2,"date":"2016-05-10T03:48:21","date_gmt":"2016-05-10T03:48:21","guid":{"rendered":"https:\/\/fusspflege-jaensch.com\/?page_id=2"},"modified":"2023-08-11T14:39:30","modified_gmt":"2023-08-11T14:39:30","slug":"sample-page","status":"publish","type":"page","link":"https:\/\/fusspflege-jaensch.com\/","title":{"rendered":"Home"},"content":{"rendered":"\n<figure class=\"wp-block-image size-large\"><img loading=\"lazy\" decoding=\"async\" width=\"1024\" height=\"122\" src=\"https:\/\/fusspflege-jaensch.com\/wp-content\/uploads\/2023\/05\/cropped-hero_1920x500_orchidee-pink-2-1024x122.jpg\" alt=\"\" class=\"wp-image-69\" srcset=\"https:\/\/fusspflege-jaensch.com\/wp-content\/uploads\/2023\/05\/cropped-hero_1920x500_orchidee-pink-2-1024x122.jpg 1024w, https:\/\/fusspflege-jaensch.com\/wp-content\/uploads\/2023\/05\/cropped-hero_1920x500_orchidee-pink-2-300x36.jpg 300w, https:\/\/fusspflege-jaensch.com\/wp-content\/uploads\/2023\/05\/cropped-hero_1920x500_orchidee-pink-2-768x92.jpg 768w, https:\/\/fusspflege-jaensch.com\/wp-content\/uploads\/2023\/05\/cropped-hero_1920x500_orchidee-pink-2-1536x183.jpg 1536w, https:\/\/fusspflege-jaensch.com\/wp-content\/uploads\/2023\/05\/cropped-hero_1920x500_orchidee-pink-2-1140x136.jpg 1140w, https:\/\/fusspflege-jaensch.com\/wp-content\/uploads\/2023\/05\/cropped-hero_1920x500_orchidee-pink-2-920x110.jpg 920w, https:\/\/fusspflege-jaensch.com\/wp-content\/uploads\/2023\/05\/cropped-hero_1920x500_orchidee-pink-2-575x69.jpg 575w, https:\/\/fusspflege-jaensch.com\/wp-content\/uploads\/2023\/05\/cropped-hero_1920x500_orchidee-pink-2-380x45.jpg 380w, https:\/\/fusspflege-jaensch.com\/wp-content\/uploads\/2023\/05\/cropped-hero_1920x500_orchidee-pink-2.jpg 1920w\" sizes=\"(max-width: 1024px) 100vw, 1024px\" \/><\/figure>\n\n\n\n<div class=\"wp-block-group is-layout-constrained wp-block-group-is-layout-constrained\"><div class=\"wp-block-group__inner-container\">\n<h4 class=\"wp-block-heading\">Herzlich Willkommen auf unserer Webseite!<\/h4>\n\n\n\n<p><\/p>\n\n\n\n<p>Wir freuen uns, dass Sie den Weg zu uns gefunden haben. Hier dreht sich alles um das Wohlbefinden Ihrer F\u00fc\u00dfe. Denn wir wissen, wie wichtig gesunde und gepflegte F\u00fc\u00dfe f\u00fcr das allgemeine Wohlbefinden sind.<\/p>\n\n\n\n<p>Ob Sie unter Fu\u00dfproblemen leiden oder einfach nur Wert auf gepflegte F\u00fc\u00dfe legen &#8211; wir sind f\u00fcr Sie da. Mit unserer langj\u00e4hrigen Erfahrung in der Fu\u00dfpflege bieten wir Ihnen eine breite Palette an Behandlungen an. Von der klassischen Fu\u00dfpflege \u00fcber spezielle Behandlungen f\u00fcr Diabetiker bis hin zu entspannenden Fu\u00dfmassagen &#8211; bei uns sind Ihre F\u00fc\u00dfe in besten H\u00e4nden.<\/p>\n\n\n\n<p>St\u00f6bern Sie durch unsere Webseite, lernen Sie unser Angebot kennen und z\u00f6gern Sie nicht, uns bei Fragen oder zur Terminvereinbarung zu kontaktieren. Wir freuen uns darauf, Sie in unserem Salon begr\u00fc\u00dfen zu d\u00fcrfen und Ihnen ein entspannendes und wohltuendes Erlebnis zu bieten.<\/p>\n\n\n\n<p>Herzlichst, Ihr Team f\u00fcr Fu\u00dfpflege.<\/p>\n<\/div><\/div>\n","protected":false},"excerpt":{"rendered":"<p>Herzlich Willkommen auf unserer Webseite! Wir freuen uns, dass Sie den Weg zu uns gefunden haben. Hier dreht sich alles um das Wohlbefinden Ihrer F\u00fc\u00dfe. Denn wir wissen, wie wichtig [&hellip;]<\/p>\n","protected":false},"author":1,"featured_media":0,"parent":0,"menu_order":0,"comment_status":"closed","ping_status":"open","template":"","meta":{"footnotes":""},"_links":{"self":[{"href":"https:\/\/fusspflege-jaensch.com\/index.php?rest_route=\/wp\/v2\/pages\/2"}],"collection":[{"href":"https:\/\/fusspflege-jaensch.com\/index.php?rest_route=\/wp\/v2\/pages"}],"about":[{"href":"https:\/\/fusspflege-jaensch.com\/index.php?rest_route=\/wp\/v2\/types\/page"}],"author":[{"embeddable":true,"href":"https:\/\/fusspflege-jaensch.com\/index.php?rest_route=\/wp\/v2\/users\/1"}],"replies":[{"embeddable":true,"href":"https:\/\/fusspflege-jaensch.com\/index.php?rest_route=%2Fwp%2Fv2%2Fcomments&post=2"}],"version-history":[{"count":24,"href":"https:\/\/fusspflege-jaensch.com\/index.php?rest_route=\/wp\/v2\/pages\/2\/revisions"}],"predecessor-version":[{"id":173,"href":"https:\/\/fusspflege-jaensch.com\/index.php?rest_route=\/wp\/v2\/pages\/2\/revisions\/173"}],"wp:attachment":[{"href":"https:\/\/fusspflege-jaensch.com\/index.php?rest_route=%2Fwp%2Fv2%2Fmedia&parent=2"}],"curies":[{"name":"wp","href":"https:\/\/api.w.org\/{rel}","templated":true}]}}