{"id":27,"date":"2023-05-30T18:39:47","date_gmt":"2023-05-30T18:39:47","guid":{"rendered":"https:\/\/fusspflege-jaensch.com\/?page_id=27"},"modified":"2024-03-24T19:17:44","modified_gmt":"2024-03-24T19:17:44","slug":"unser-team","status":"publish","type":"page","link":"https:\/\/fusspflege-jaensch.com\/?page_id=27","title":{"rendered":"Unser Team"},"content":{"rendered":"\n<div class=\"wp-block-group is-nowrap is-layout-flex wp-container-core-group-layout-1 wp-block-group-is-layout-flex\">\n<p><\/p>\n<\/div>\n\n\n\n<div class=\"wp-block-columns is-layout-flex wp-container-core-columns-layout-1 wp-block-columns-is-layout-flex\">\n<div class=\"wp-block-column is-layout-flow wp-block-column-is-layout-flow\">\n<figure class=\"wp-block-image size-full is-resized\"><img loading=\"lazy\" decoding=\"async\" width=\"320\" height=\"437\" src=\"https:\/\/fusspflege-jaensch.com\/wp-content\/uploads\/2023\/08\/Elke_Jaensch.jpg\" alt=\"\" class=\"wp-image-135\" style=\"width:220px;height:auto\" srcset=\"https:\/\/fusspflege-jaensch.com\/wp-content\/uploads\/2023\/08\/Elke_Jaensch.jpg 320w, https:\/\/fusspflege-jaensch.com\/wp-content\/uploads\/2023\/08\/Elke_Jaensch-220x300.jpg 220w\" sizes=\"(max-width: 320px) 100vw, 320px\" \/><figcaption class=\"wp-element-caption\">Elke J\u00e4nsch<\/figcaption><\/figure>\n\n\n\n<p class=\"has-text-align-left\"><strong>Gesch\u00e4ftsf\u00fchrung<\/strong><\/p>\n\n\n\n<p><\/p>\n<\/div>\n\n\n\n<div class=\"wp-block-column is-layout-flow wp-block-column-is-layout-flow\">\n<figure class=\"wp-block-image size-full is-resized\"><img loading=\"lazy\" decoding=\"async\" width=\"320\" height=\"437\" src=\"https:\/\/fusspflege-jaensch.com\/wp-content\/uploads\/2023\/08\/christine-koenigstein.jpg\" alt=\"\" class=\"wp-image-133\" style=\"width:220px;height:auto\" srcset=\"https:\/\/fusspflege-jaensch.com\/wp-content\/uploads\/2023\/08\/christine-koenigstein.jpg 320w, https:\/\/fusspflege-jaensch.com\/wp-content\/uploads\/2023\/08\/christine-koenigstein-220x300.jpg 220w\" sizes=\"(max-width: 320px) 100vw, 320px\" \/><figcaption class=\"wp-element-caption\">Christine K\u00f6nigstein<\/figcaption><\/figure>\n\n\n\n<p class=\"has-text-align-left\"><strong>Gesch\u00e4ftsleitung \/ \u00c4rztlich gepr\u00fcfte Fu\u00dfpflegerin<\/strong><\/p>\n<\/div>\n\n\n\n<div class=\"wp-block-column is-layout-flow wp-block-column-is-layout-flow\">\n<figure class=\"wp-block-image size-full is-resized\"><img loading=\"lazy\" decoding=\"async\" width=\"320\" height=\"437\" src=\"https:\/\/fusspflege-jaensch.com\/wp-content\/uploads\/2023\/08\/Daisy_Schoenwetter.jpg\" alt=\"\" class=\"wp-image-134\" style=\"width:219px;height:auto\" srcset=\"https:\/\/fusspflege-jaensch.com\/wp-content\/uploads\/2023\/08\/Daisy_Schoenwetter.jpg 320w, https:\/\/fusspflege-jaensch.com\/wp-content\/uploads\/2023\/08\/Daisy_Schoenwetter-220x300.jpg 220w\" sizes=\"(max-width: 320px) 100vw, 320px\" \/><figcaption class=\"wp-element-caption\">Daisy Sch\u00f6nwetter<\/figcaption><\/figure>\n\n\n\n<p class=\"has-text-align-left\"><strong>\u00c4rztlich gepr\u00fcfte Fu\u00dfpflegerin<\/strong><\/p>\n<\/div>\n<\/div>\n\n\n\n<div class=\"wp-block-columns is-layout-flex wp-container-core-columns-layout-2 wp-block-columns-is-layout-flex\">\n<div class=\"wp-block-column is-layout-flow wp-block-column-is-layout-flow\">\n<figure class=\"wp-block-image size-full is-resized\"><img loading=\"lazy\" decoding=\"async\" width=\"320\" height=\"437\" src=\"https:\/\/fusspflege-jaensch.com\/wp-content\/uploads\/2023\/08\/Nadja-Gerhardt.jpg\" alt=\"\" class=\"wp-image-137\" style=\"aspect-ratio:0.7505720823798627;width:222px;height:auto\" srcset=\"https:\/\/fusspflege-jaensch.com\/wp-content\/uploads\/2023\/08\/Nadja-Gerhardt.jpg 320w, https:\/\/fusspflege-jaensch.com\/wp-content\/uploads\/2023\/08\/Nadja-Gerhardt-220x300.jpg 220w\" sizes=\"(max-width: 320px) 100vw, 320px\" \/><figcaption class=\"wp-element-caption\"><kbd>Nadja Gerhardt<\/kbd><\/figcaption><\/figure>\n\n\n\n<p class=\"has-text-align-left\"><strong>\u00c4rztlich gepr\u00fcfte Fu\u00dfpflegerin<\/strong><\/p>\n<\/div>\n\n\n\n<div class=\"wp-block-column is-layout-flow wp-block-column-is-layout-flow\">\n<figure class=\"wp-block-image size-full is-resized\"><img loading=\"lazy\" decoding=\"async\" width=\"320\" height=\"437\" src=\"https:\/\/fusspflege-jaensch.com\/wp-content\/uploads\/2023\/08\/sonja-kaster.jpg\" alt=\"\" class=\"wp-image-132\" style=\"width:221px;height:auto\" srcset=\"https:\/\/fusspflege-jaensch.com\/wp-content\/uploads\/2023\/08\/sonja-kaster.jpg 320w, https:\/\/fusspflege-jaensch.com\/wp-content\/uploads\/2023\/08\/sonja-kaster-220x300.jpg 220w\" sizes=\"(max-width: 320px) 100vw, 320px\" \/><figcaption class=\"wp-element-caption\">Sonja Kaster<\/figcaption><\/figure>\n\n\n\n<p><strong>\u00c4rztlich gepr\u00fcfte Fu\u00dfpflegerin<\/strong><\/p>\n<\/div>\n\n\n\n<div class=\"wp-block-column is-layout-flow wp-block-column-is-layout-flow\"><\/div>\n<\/div>\n","protected":false},"excerpt":{"rendered":"<p>Gesch\u00e4ftsf\u00fchrung Gesch\u00e4ftsleitung \/ \u00c4rztlich gepr\u00fcfte Fu\u00dfpflegerin \u00c4rztlich gepr\u00fcfte Fu\u00dfpflegerin \u00c4rztlich gepr\u00fcfte Fu\u00dfpflegerin \u00c4rztlich gepr\u00fcfte Fu\u00dfpflegerin<\/p>\n","protected":false},"author":1,"featured_media":0,"parent":19,"menu_order":3,"comment_status":"closed","ping_status":"closed","template":"","meta":{"footnotes":""},"_links":{"self":[{"href":"https:\/\/fusspflege-jaensch.com\/index.php?rest_route=\/wp\/v2\/pages\/27"}],"collection":[{"href":"https:\/\/fusspflege-jaensch.com\/index.php?rest_route=\/wp\/v2\/pages"}],"about":[{"href":"https:\/\/fusspflege-jaensch.com\/index.php?rest_route=\/wp\/v2\/types\/page"}],"author":[{"embeddable":true,"href":"https:\/\/fusspflege-jaensch.com\/index.php?rest_route=\/wp\/v2\/users\/1"}],"replies":[{"embeddable":true,"href":"https:\/\/fusspflege-jaensch.com\/index.php?rest_route=%2Fwp%2Fv2%2Fcomments&post=27"}],"version-history":[{"count":14,"href":"https:\/\/fusspflege-jaensch.com\/index.php?rest_route=\/wp\/v2\/pages\/27\/revisions"}],"predecessor-version":[{"id":194,"href":"https:\/\/fusspflege-jaensch.com\/index.php?rest_route=\/wp\/v2\/pages\/27\/revisions\/194"}],"up":[{"embeddable":true,"href":"https:\/\/fusspflege-jaensch.com\/index.php?rest_route=\/wp\/v2\/pages\/19"}],"wp:attachment":[{"href":"https:\/\/fusspflege-jaensch.com\/index.php?rest_route=%2Fwp%2Fv2%2Fmedia&parent=27"}],"curies":[{"name":"wp","href":"https:\/\/api.w.org\/{rel}","templated":true}]}}